{"id":817,"date":"2015-07-25T08:35:59","date_gmt":"2015-07-25T08:35:59","guid":{"rendered":"http:\/\/revistasur.dev\/es\/guide-for-authors\/"},"modified":"2015-08-13T00:56:46","modified_gmt":"2015-08-13T00:56:46","slug":"reglas-de-citacion","status":"publish","type":"page","link":"https:\/\/sur.conectas.org\/es\/reglas-de-citacion\/","title":{"rendered":"Reglas de citaci\u00f3n"},"content":{"rendered":"<p>FORMATO <\/p>\n<p>Contribuciones deben ser enviadas en formato electr\u00f3nico (archivo en Microsoft Word) a artigo.sur@conectas.org, siguiendo las pautas indicadas a continuaci\u00f3n:<\/p>\n<p>Extensi\u00f3n: La extensi\u00f3n de los textos (incluyendo bibliograf\u00eda y notas de rodapi\u00e9) var\u00eda de acuerdo a la secci\u00f3n para la cual son presentados (art\u00edculo, estudio de caso o reflexi\u00f3n institucional).<br \/>\nArt\u00edculos: 12.500 \u2013 20.000 caracteres con espacios (5-8 p\u00e1ginas aproximadamente)<br \/>\nEstudio de caso: 7.500 \u2013 12.500 caracteres con espacios (3-5 p\u00e1ginas aproximadamente)<br \/>\nReflexi\u00f3n institucional: 5.000 \u2013 10.000 caracteres (2-4 p\u00e1ginas aproximadamente)<\/p>\n<p>Idioma: Las contribuciones pueden ser presentadas en cualquiera de los idiomas de la revista (portugu\u00e9s brasile\u00f1o, espa\u00f1ol e ingl\u00e9s brit\u00e1nico). A fin de ser lo m\u00e1s accesible posible para nuestra audiencia diversa, la Revista Sur posee una pol\u00edtica editorial que prevalece un lenguaje claro, conciso y libre de jergas.<br \/>\nNotas de rodapi\u00e9: Solo deben ser usadas notas de rodapi\u00e9 caso sea necesario. Las notas de rodapi\u00e9 deben ser concisas y seguir el formato de Chicago para referencia bibliogr\u00e1fica completa. El formato \u201c(AUTOR, a\u00f1o) no ser\u00e1 usado por la revista. \u201cGaramond\u201d, tama\u00f1o 10 con espacio simple. Las reglas de formato de Chicago pueden ser encontradas aqu\u00ed en traducci\u00f3n no oficial al espa\u00f1ol.<br \/>\nFuente: Para el cuerpo del texto debe ser usado \u201cGaramond\u201d, tama\u00f1o 12 con interlineado de 1,5 cm.<br \/>\nLas contribuciones deben incluir:<br \/>\nUna breve biograf\u00eda del\/a autor\/a (m\u00e1ximo 50 palabras);<br \/>\nUn resumen (m\u00e1ximo 150 palabras);<br \/>\nFecha en que el art\u00edculo fue escrito.<\/p>\n<p>No ser\u00e1 necesario incluir la bibliograf\u00eda al final del texto. Las notas de rodapi\u00e9 deber\u00e1n incluir referencias completas.<br \/>\nPara las notas, use \u201cGaramond\u201d tama\u00f1o 10 interlineado simple.<br \/>\nPalabras en lat\u00edn \u2013inter alia, jus cogens, etc.- debe estar en it\u00e1lico.<br \/>\nPara referirse a art\u00edculos de un instrumento internacional o legislaci\u00f3n, no utilice la abreviaci\u00f3n \u201cart.\u201d, sino la palabra \u201cArt\u00edculo\u201d;<br \/>\nUtilice los acr\u00f3nimos oficiales de los sistemas de organizaciones internacionales, caso sea usado.<br \/>\nUtilice \u201cE\u201d (con may\u00fascula) para Estado o Estado Miembro (pa\u00eds).<br \/>\nContribuciones que no consideren estas pautas (incluyendo el n\u00famero de caracteres) pueden ser rechazadas inmediatamente por el Consejo Ejecutivo.<\/p>\n","protected":false},"excerpt":{"rendered":"<p>FORMATO Contribuciones deben ser enviadas en formato electr\u00f3nico (archivo en Microsoft Word) a artigo.sur@conectas.org, siguiendo las pautas indicadas a continuaci\u00f3n: Extensi\u00f3n: La extensi\u00f3n de los textos (incluyendo bibliograf\u00eda y notas de rodapi\u00e9) var\u00eda de acuerdo a la secci\u00f3n para la cual son presentados (art\u00edculo, estudio de caso o reflexi\u00f3n institucional). Art\u00edculos: 12.500 \u2013 20.000 caracteres [&hellip;]<\/p>\n","protected":false},"author":1,"featured_media":0,"parent":0,"menu_order":0,"comment_status":"open","ping_status":"open","template":"","meta":{"_acf_changed":false,"footnotes":""},"class_list":["post-817","page","type-page","status-publish","hentry"],"acf":[],"yoast_head":"<!-- This site is optimized with the Yoast SEO plugin v27.1.1 - https:\/\/yoast.com\/product\/yoast-seo-wordpress\/ -->\n<title>Reglas de citaci\u00f3n - Sur - International Journal on Human Rights<\/title>\n<meta name=\"robots\" content=\"index, follow, max-snippet:-1, max-image-preview:large, max-video-preview:-1\" \/>\n<link rel=\"canonical\" href=\"https:\/\/sur.conectas.org\/es\/reglas-de-citacion\/\" \/>\n<meta property=\"og:locale\" content=\"es_ES\" \/>\n<meta property=\"og:type\" content=\"article\" \/>\n<meta property=\"og:title\" content=\"Reglas de citaci\u00f3n - Sur - International Journal on Human Rights\" \/>\n<meta property=\"og:description\" content=\"FORMATO Contribuciones deben ser enviadas en formato electr\u00f3nico (archivo en Microsoft Word) a artigo.sur@conectas.org, siguiendo las pautas indicadas a continuaci\u00f3n: Extensi\u00f3n: La extensi\u00f3n de los textos (incluyendo bibliograf\u00eda y notas de rodapi\u00e9) var\u00eda de acuerdo a la secci\u00f3n para la cual son presentados (art\u00edculo, estudio de caso o reflexi\u00f3n institucional). Art\u00edculos: 12.500 \u2013 20.000 caracteres [&hellip;]\" \/>\n<meta property=\"og:url\" content=\"https:\/\/sur.conectas.org\/es\/reglas-de-citacion\/\" \/>\n<meta property=\"og:site_name\" content=\"Sur - International Journal on Human Rights\" \/>\n<meta property=\"article:publisher\" content=\"https:\/\/www.facebook.com\/conectas\/\" \/>\n<meta property=\"article:modified_time\" content=\"2015-08-13T00:56:46+00:00\" \/>\n<meta property=\"og:image\" content=\"https:\/\/sur.conectas.org\/wp-content\/uploads\/2026\/03\/646737798-1365561578929838-4303443278345765430-n.jpg\" \/>\n\t<meta property=\"og:image:width\" content=\"1080\" \/>\n\t<meta property=\"og:image:height\" content=\"1350\" \/>\n\t<meta property=\"og:image:type\" content=\"image\/jpeg\" \/>\n<meta name=\"twitter:card\" content=\"summary_large_image\" \/>\n<meta name=\"twitter:label1\" content=\"Tiempo de lectura\" \/>\n\t<meta name=\"twitter:data1\" content=\"2 minutos\" \/>\n<script type=\"application\/ld+json\" class=\"yoast-schema-graph\">{\"@context\":\"https:\/\/schema.org\",\"@graph\":[{\"@type\":\"WebPage\",\"@id\":\"https:\/\/sur.conectas.org\/es\/reglas-de-citacion\/\",\"url\":\"https:\/\/sur.conectas.org\/es\/reglas-de-citacion\/\",\"name\":\"Reglas de citaci\u00f3n - Sur - International Journal on Human Rights\",\"isPartOf\":{\"@id\":\"https:\/\/sur.conectas.org\/es\/#website\"},\"datePublished\":\"2015-07-25T08:35:59+00:00\",\"dateModified\":\"2015-08-13T00:56:46+00:00\",\"breadcrumb\":{\"@id\":\"https:\/\/sur.conectas.org\/es\/reglas-de-citacion\/#breadcrumb\"},\"inLanguage\":\"es\",\"potentialAction\":[{\"@type\":\"ReadAction\",\"target\":[\"https:\/\/sur.conectas.org\/es\/reglas-de-citacion\/\"]}]},{\"@type\":\"BreadcrumbList\",\"@id\":\"https:\/\/sur.conectas.org\/es\/reglas-de-citacion\/#breadcrumb\",\"itemListElement\":[{\"@type\":\"ListItem\",\"position\":1,\"name\":\"Home\",\"item\":\"https:\/\/sur.conectas.org\/es\/\"},{\"@type\":\"ListItem\",\"position\":2,\"name\":\"Reglas de citaci\u00f3n\"}]},{\"@type\":\"WebSite\",\"@id\":\"https:\/\/sur.conectas.org\/es\/#website\",\"url\":\"https:\/\/sur.conectas.org\/es\/\",\"name\":\"Sur - International Journal on Human Rights\",\"description\":\"Sur - International Journal on Human Rights is a biannual journal published in English, Portuguese and Spanish by Conectas Human Rights.\",\"publisher\":{\"@id\":\"https:\/\/sur.conectas.org\/es\/#organization\"},\"potentialAction\":[{\"@type\":\"SearchAction\",\"target\":{\"@type\":\"EntryPoint\",\"urlTemplate\":\"https:\/\/sur.conectas.org\/es\/?s={search_term_string}\"},\"query-input\":{\"@type\":\"PropertyValueSpecification\",\"valueRequired\":true,\"valueName\":\"search_term_string\"}}],\"inLanguage\":\"es\"},{\"@type\":\"Organization\",\"@id\":\"https:\/\/sur.conectas.org\/es\/#organization\",\"name\":\"Sur - International Journal on Human Rights\",\"url\":\"https:\/\/sur.conectas.org\/es\/\",\"logo\":{\"@type\":\"ImageObject\",\"inLanguage\":\"es\",\"@id\":\"https:\/\/sur.conectas.org\/es\/#\/schema\/logo\/image\/\",\"url\":\"https:\/\/sur.conectas.org\/wp-content\/uploads\/2025\/12\/og-image-sur33.png\",\"contentUrl\":\"https:\/\/sur.conectas.org\/wp-content\/uploads\/2025\/12\/og-image-sur33.png\",\"width\":280,\"height\":280,\"caption\":\"Sur - International Journal on Human Rights\"},\"image\":{\"@id\":\"https:\/\/sur.conectas.org\/es\/#\/schema\/logo\/image\/\"},\"sameAs\":[\"https:\/\/www.facebook.com\/conectas\/\",\"https:\/\/www.linkedin.com\/company\/conectasdh\/\",\"https:\/\/bsky.app\/profile\/conectas.bsky.social\",\"https:\/\/www.youtube.com\/channel\/UCem6mFvn8C3bHe04doW2h0w\"]}]}<\/script>\n<!-- \/ Yoast SEO plugin. -->","yoast_head_json":{"title":"Reglas de citaci\u00f3n - Sur - International Journal on Human Rights","robots":{"index":"index","follow":"follow","max-snippet":"max-snippet:-1","max-image-preview":"max-image-preview:large","max-video-preview":"max-video-preview:-1"},"canonical":"https:\/\/sur.conectas.org\/es\/reglas-de-citacion\/","og_locale":"es_ES","og_type":"article","og_title":"Reglas de citaci\u00f3n - Sur - International Journal on Human Rights","og_description":"FORMATO Contribuciones deben ser enviadas en formato electr\u00f3nico (archivo en Microsoft Word) a artigo.sur@conectas.org, siguiendo las pautas indicadas a continuaci\u00f3n: Extensi\u00f3n: La extensi\u00f3n de los textos (incluyendo bibliograf\u00eda y notas de rodapi\u00e9) var\u00eda de acuerdo a la secci\u00f3n para la cual son presentados (art\u00edculo, estudio de caso o reflexi\u00f3n institucional). Art\u00edculos: 12.500 \u2013 20.000 caracteres [&hellip;]","og_url":"https:\/\/sur.conectas.org\/es\/reglas-de-citacion\/","og_site_name":"Sur - International Journal on Human Rights","article_publisher":"https:\/\/www.facebook.com\/conectas\/","article_modified_time":"2015-08-13T00:56:46+00:00","og_image":[{"width":1080,"height":1350,"url":"https:\/\/sur.conectas.org\/wp-content\/uploads\/2026\/03\/646737798-1365561578929838-4303443278345765430-n.jpg","type":"image\/jpeg"}],"twitter_card":"summary_large_image","twitter_misc":{"Tiempo de lectura":"2 minutos"},"schema":{"@context":"https:\/\/schema.org","@graph":[{"@type":"WebPage","@id":"https:\/\/sur.conectas.org\/es\/reglas-de-citacion\/","url":"https:\/\/sur.conectas.org\/es\/reglas-de-citacion\/","name":"Reglas de citaci\u00f3n - Sur - International Journal on Human Rights","isPartOf":{"@id":"https:\/\/sur.conectas.org\/es\/#website"},"datePublished":"2015-07-25T08:35:59+00:00","dateModified":"2015-08-13T00:56:46+00:00","breadcrumb":{"@id":"https:\/\/sur.conectas.org\/es\/reglas-de-citacion\/#breadcrumb"},"inLanguage":"es","potentialAction":[{"@type":"ReadAction","target":["https:\/\/sur.conectas.org\/es\/reglas-de-citacion\/"]}]},{"@type":"BreadcrumbList","@id":"https:\/\/sur.conectas.org\/es\/reglas-de-citacion\/#breadcrumb","itemListElement":[{"@type":"ListItem","position":1,"name":"Home","item":"https:\/\/sur.conectas.org\/es\/"},{"@type":"ListItem","position":2,"name":"Reglas de citaci\u00f3n"}]},{"@type":"WebSite","@id":"https:\/\/sur.conectas.org\/es\/#website","url":"https:\/\/sur.conectas.org\/es\/","name":"Sur - International Journal on Human Rights","description":"Sur - International Journal on Human Rights is a biannual journal published in English, Portuguese and Spanish by Conectas Human Rights.","publisher":{"@id":"https:\/\/sur.conectas.org\/es\/#organization"},"potentialAction":[{"@type":"SearchAction","target":{"@type":"EntryPoint","urlTemplate":"https:\/\/sur.conectas.org\/es\/?s={search_term_string}"},"query-input":{"@type":"PropertyValueSpecification","valueRequired":true,"valueName":"search_term_string"}}],"inLanguage":"es"},{"@type":"Organization","@id":"https:\/\/sur.conectas.org\/es\/#organization","name":"Sur - International Journal on Human Rights","url":"https:\/\/sur.conectas.org\/es\/","logo":{"@type":"ImageObject","inLanguage":"es","@id":"https:\/\/sur.conectas.org\/es\/#\/schema\/logo\/image\/","url":"https:\/\/sur.conectas.org\/wp-content\/uploads\/2025\/12\/og-image-sur33.png","contentUrl":"https:\/\/sur.conectas.org\/wp-content\/uploads\/2025\/12\/og-image-sur33.png","width":280,"height":280,"caption":"Sur - International Journal on Human Rights"},"image":{"@id":"https:\/\/sur.conectas.org\/es\/#\/schema\/logo\/image\/"},"sameAs":["https:\/\/www.facebook.com\/conectas\/","https:\/\/www.linkedin.com\/company\/conectasdh\/","https:\/\/bsky.app\/profile\/conectas.bsky.social","https:\/\/www.youtube.com\/channel\/UCem6mFvn8C3bHe04doW2h0w"]}]}},"_links":{"self":[{"href":"https:\/\/sur.conectas.org\/es\/wp-json\/wp\/v2\/pages\/817","targetHints":{"allow":["GET"]}}],"collection":[{"href":"https:\/\/sur.conectas.org\/es\/wp-json\/wp\/v2\/pages"}],"about":[{"href":"https:\/\/sur.conectas.org\/es\/wp-json\/wp\/v2\/types\/page"}],"author":[{"embeddable":true,"href":"https:\/\/sur.conectas.org\/es\/wp-json\/wp\/v2\/users\/1"}],"replies":[{"embeddable":true,"href":"https:\/\/sur.conectas.org\/es\/wp-json\/wp\/v2\/comments?post=817"}],"version-history":[{"count":0,"href":"https:\/\/sur.conectas.org\/es\/wp-json\/wp\/v2\/pages\/817\/revisions"}],"wp:attachment":[{"href":"https:\/\/sur.conectas.org\/es\/wp-json\/wp\/v2\/media?parent=817"}],"curies":[{"name":"wp","href":"https:\/\/api.w.org\/{rel}","templated":true}]}}